{"id":1269,"date":"2015-08-31T10:22:07","date_gmt":"2015-08-31T10:22:07","guid":{"rendered":"http:\/\/www.eco-oil.pt\/?page_id=1269"},"modified":"2020-04-10T00:27:10","modified_gmt":"2020-04-10T00:27:10","slug":"documentation-center","status":"publish","type":"page","link":"https:\/\/eco-oil.propostas.pt\/en\/documentation-center\/","title":{"rendered":"Documentation Center"},"content":{"rendered":"<div class=\"fusion-fullwidth fullwidth-box fusion-builder-row-1 nonhundred-percent-fullwidth non-hundred-percent-height-scrolling\" style=\"--awb-background-position:left top;--awb-border-radius-top-left:0px;--awb-border-radius-top-right:0px;--awb-border-radius-bottom-right:0px;--awb-border-radius-bottom-left:0px;--awb-padding-top:20px;--awb-padding-right:0px;--awb-padding-bottom:20px;--awb-padding-left:0px;--awb-border-sizes-top:0px;--awb-border-sizes-bottom:0px;--awb-flex-wrap:wrap;\" ><div class=\"fusion-builder-row fusion-row\"><div class=\"fusion-layout-column fusion_builder_column fusion-builder-column-0 fusion_builder_column_1_1 1_1 fusion-one-full fusion-column-first fusion-column-last fusion-column-no-min-height\" style=\"--awb-bg-size:cover;--awb-margin-bottom:0px;\"><div class=\"fusion-column-wrapper fusion-flex-column-wrapper-legacy\"><div class=\"fusion-tabs fusion-tabs-1 classic nav-is-justified horizontal-tabs icon-position-left mobile-mode-accordion\" style=\"--awb-title-border-radius-top-left:0px;--awb-title-border-radius-top-right:0px;--awb-title-border-radius-bottom-right:0px;--awb-title-border-radius-bottom-left:0px;--awb-inactive-color:#ebeaea;--awb-background-color:#ffffff;--awb-border-color:#ebeaea;--awb-active-border-color:#1583a6;\"><div class=\"nav\"><ul class=\"nav-tabs nav-justified\" role=\"tablist\"><li class=\"active\" role=\"presentation\"><a class=\"tab-link\" data-toggle=\"tab\" role=\"tab\" aria-controls=\"tab-83842b52ccc04c4cb2a\" aria-selected=\"true\" id=\"fusion-tab-licences\" href=\"#tab-83842b52ccc04c4cb2a\"><h4 class=\"fusion-tab-heading\">Licences<\/h4><\/a><\/li><li role=\"presentation\"><a class=\"tab-link\" data-toggle=\"tab\" role=\"tab\" aria-controls=\"tab-8027b64f30ea5d40e01\" aria-selected=\"false\" tabindex=\"-1\" id=\"fusion-tab-quality,environmentandsafety\" href=\"#tab-8027b64f30ea5d40e01\"><h4 class=\"fusion-tab-heading\">Quality, Environment and Safety<\/h4><\/a><\/li><li role=\"presentation\"><a class=\"tab-link\" data-toggle=\"tab\" role=\"tab\" aria-controls=\"tab-7c5512d9b8b2b986380\" aria-selected=\"false\" tabindex=\"-1\" id=\"fusion-tab-suppliersandcustomers\" href=\"#tab-7c5512d9b8b2b986380\"><h4 class=\"fusion-tab-heading\">Suppliers and Customers<\/h4><\/a><\/li><\/ul><\/div><div class=\"tab-content\"><div class=\"nav fusion-mobile-tab-nav\"><ul class=\"nav-tabs nav-justified\" role=\"tablist\"><li class=\"active\" role=\"presentation\"><a class=\"tab-link\" data-toggle=\"tab\" role=\"tab\" aria-controls=\"tab-83842b52ccc04c4cb2a\" aria-selected=\"true\" id=\"mobile-fusion-tab-licences\" href=\"#tab-83842b52ccc04c4cb2a\"><h4 class=\"fusion-tab-heading\">Licences<\/h4><\/a><\/li><\/ul><\/div><div class=\"tab-pane fade fusion-clearfix in active\" role=\"tabpanel\" tabindex=\"0\" aria-labelledby=\"fusion-tab-licences\" id=\"tab-83842b52ccc04c4cb2a\">\n<style type='text\/css'>\r\n\t#mla_gallery-1 {\r\n\t\tmargin: auto;\r\n\t\twidth: 100%;\r\n\t}\r\n\t#mla_gallery-1 .gallery-item {\r\n\t\tfloat: none;\r\n\t\tmargin: 1.5%;\r\n\t\tdisplay: inline-block;\r\n\t\ttext-align: center;\r\n\t\twidth: 97%;\r\n\t}\r\n\t#mla_gallery-1 .gallery-item .gallery-icon img {\r\n\t\tborder: 2px solid #cfcfcf;\r\n\t}\r\n\t#mla_gallery-1 .gallery-caption {\r\n\t\tmargin-left: 0;\r\n\t\tvertical-align: top;\r\n\t}\r\n<\/style>\r\n<div id='mla_gallery-1' class='gallery galleryid-1269 gallery-columns-1 gallery-size-icon'>\r\n<!-- row-open -->\r\n<dl class='gallery-item last_in_row'>\r\n\t<dt class='gallery-icon '>\r\n           <i class=\"fa fa-file-pdf-o fa-2x\"><\/i>\r\n\t<\/dt>\r\n\t    <a target='_blank' href='https:\/\/eco-oil.propostas.pt\/wp-content\/uploads\/2022\/11\/TUA-20220207000085.pdf' data data-caption='TUA &#8211; T\u00edtulo \u00danico Ambiental' data-title='TUA 20220207000085' class=' fancybox-pdf'><dd class='wp-caption-text gallery-caption' id='mla_gallery-1-2990'>\n\tTUA &#8211; T\u00edtulo \u00danico Ambiental\n\t<\/dd><\/a>\r\n\t    <small>.pdf, 296,597 Kb<\/small>\r\n<\/dl><br style=\"clear: both\" \/>\r\n<!-- row-open -->\r\n<dl class='gallery-item last_in_row'>\r\n\t<dt class='gallery-icon '>\r\n           <i class=\"fa fa-file-pdf-o fa-2x\"><\/i>\r\n\t<\/dt>\r\n\t    <a target='_blank' href='https:\/\/eco-oil.propostas.pt\/wp-content\/uploads\/2022\/11\/ECO-OIL_Titulo-de-Exploracao-no-38059.2015-1-24.06.2015_IAPMEI-.pdf' data data-caption='ECO-OIL_T\u00edtulo de Explora\u00e7\u00e3o n\u00ba 38059.2015-1 (24.06.2015)_IAPMEI' data-title='ECO-OIL_T\u00edtulo de Explora\u00e7\u00e3o n\u00ba 38059.2015-1 (24.06.2015)_IAPMEI' class=' fancybox-pdf'><dd class='wp-caption-text gallery-caption' id='mla_gallery-1-2994'>\n\tECO-OIL_T\u00edtulo de Explora\u00e7\u00e3o n\u00ba 38059.2015-1 (24.06.2015)_IAPMEI\n\t<\/dd><\/a>\r\n\t    <small>.pdf, 1,544,299 Kb<\/small>\r\n<\/dl><br style=\"clear: both\" \/>\r\n<!-- row-open -->\r\n<dl class='gallery-item last_in_row'>\r\n\t<dt class='gallery-icon '>\r\n           <i class=\"fa fa-file-pdf-o fa-2x\"><\/i>\r\n\t<\/dt>\r\n\t    <a target='_blank' href='https:\/\/eco-oil.propostas.pt\/wp-content\/uploads\/2022\/11\/IAPMEI-TE-no-38059_2015_1o-Aditamento-Oficio-de-Gestao.pdf' data data-caption='IAPMEI &#8211; TE n\u00ba 38059_2015_1\u00ba Aditamento &#8211; Of\u00edcio de Gest\u00e3o' data-title='IAPMEI &#8211; TE n\u00ba 38059_2015_1\u00ba Aditamento &#8211; Of\u00edcio de Gest\u00e3o' class=' fancybox-pdf'><dd class='wp-caption-text gallery-caption' id='mla_gallery-1-2996'>\n\tIAPMEI &#8211; TE n\u00ba 38059_2015_1\u00ba Aditamento &#8211; Of\u00edcio de Gest\u00e3o\n\t<\/dd><\/a>\r\n\t    <small>.pdf, 100,040 Kb<\/small>\r\n<\/dl><br style=\"clear: both\" \/>\r\n<!-- row-open -->\r\n<dl class='gallery-item last_in_row'>\r\n\t<dt class='gallery-icon '>\r\n           <i class=\"fa fa-file-pdf-o fa-2x\"><\/i>\r\n\t<\/dt>\r\n\t    <a target='_blank' href='https:\/\/eco-oil.propostas.pt\/wp-content\/uploads\/2022\/11\/TDA-no-38059_2022-Eco-oil.pdf' data data-caption='TDA n\u00ba 38059\/2022-1' data-title='TDA n\u00ba 38059\/2022-1' class=' fancybox-pdf'><dd class='wp-caption-text gallery-caption' id='mla_gallery-1-3023'>\n\tTDA n\u00ba 38059\/2022-1\n\t<\/dd><\/a>\r\n\t    <small>.pdf, 94,151 Kb<\/small>\r\n<\/dl><br style=\"clear: both\" \/>\r\n<!-- row-open -->\r\n<dl class='gallery-item last_in_row'>\r\n\t<dt class='gallery-icon '>\r\n           <i class=\"fa fa-file-pdf-o fa-2x\"><\/i>\r\n\t<\/dt>\r\n\t    <a target='_blank' href='https:\/\/eco-oil.propostas.pt\/wp-content\/uploads\/2024\/06\/L-06-Waste-List-and-Recovery-and-Disposal-Operations-List.pdf' data data-caption='Waste List and Recovery and Disposal Operations List' data-title='Waste List and Recovery and Disposal Operations List' class=' fancybox-pdf'><dd class='wp-caption-text gallery-caption' id='mla_gallery-1-3227'>\n\tWaste List and Recovery and Disposal Operations List\n\t<\/dd><\/a>\r\n\t    <small>.pdf, 103,666 Kb<\/small>\r\n<\/dl><br style=\"clear: both\" \/>\r\n<\/div>\n<\/div><div class=\"nav fusion-mobile-tab-nav\"><ul class=\"nav-tabs nav-justified\" role=\"tablist\"><li role=\"presentation\"><a class=\"tab-link\" data-toggle=\"tab\" role=\"tab\" aria-controls=\"tab-8027b64f30ea5d40e01\" aria-selected=\"false\" tabindex=\"-1\" id=\"mobile-fusion-tab-quality,environmentandsafety\" href=\"#tab-8027b64f30ea5d40e01\"><h4 class=\"fusion-tab-heading\">Quality, Environment and Safety<\/h4><\/a><\/li><\/ul><\/div><div class=\"tab-pane fade fusion-clearfix\" role=\"tabpanel\" tabindex=\"0\" aria-labelledby=\"fusion-tab-quality,environmentandsafety\" id=\"tab-8027b64f30ea5d40e01\"><style type='text\/css'>\r\n\t#mla_gallery-2 {\r\n\t\tmargin: auto;\r\n\t\twidth: 100%;\r\n\t}\r\n\t#mla_gallery-2 .gallery-item {\r\n\t\tfloat: none;\r\n\t\tmargin: 1.5%;\r\n\t\tdisplay: inline-block;\r\n\t\ttext-align: center;\r\n\t\twidth: 97%;\r\n\t}\r\n\t#mla_gallery-2 .gallery-item .gallery-icon img {\r\n\t\tborder: 2px solid #cfcfcf;\r\n\t}\r\n\t#mla_gallery-2 .gallery-caption {\r\n\t\tmargin-left: 0;\r\n\t\tvertical-align: top;\r\n\t}\r\n<\/style>\r\n<div id='mla_gallery-2' class='gallery galleryid-1269 gallery-columns-1 gallery-size-icon'>\r\n<!-- row-open -->\r\n<dl class='gallery-item last_in_row'>\r\n\t<dt class='gallery-icon '>\r\n           <i class=\"fa fa-file-pdf-o fa-2x\"><\/i>\r\n\t<\/dt>\r\n\t    <a target='_blank' href='https:\/\/eco-oil.propostas.pt\/wp-content\/uploads\/2017\/09\/Responsible_Care_Global_Charter.pdf' data data-caption='Responsible Care Global Charter' data-title='Responsible Care Global Charter' class=' fancybox-pdf'><dd class='wp-caption-text gallery-caption' id='mla_gallery-2-1685'>\n\tResponsible Care Global Charter\n\t<\/dd><\/a>\r\n\t    <small>.pdf, 1,652,427 Kb<\/small>\r\n<\/dl><br style=\"clear: both\" \/>\r\n<!-- row-open -->\r\n<dl class='gallery-item last_in_row'>\r\n\t<dt class='gallery-icon '>\r\n           <i class=\"fa fa-file-pdf-o fa-2x\"><\/i>\r\n\t<\/dt>\r\n\t    <a target='_blank' href='https:\/\/eco-oil.propostas.pt\/wp-content\/uploads\/2018\/05\/ECOVADIS-Gold-Level-Certification.pdf' data data-caption='ECOVADIS CSR Gold Level Certification' data-title='ECOVADIS CSR Gold Level Certification' class=' fancybox-pdf'><dd class='wp-caption-text gallery-caption' id='mla_gallery-2-1757'>\n\tECOVADIS CSR Gold Level Certification\n\t<\/dd><\/a>\r\n\t    <small>.pdf, 146,692 Kb<\/small>\r\n<\/dl><br style=\"clear: both\" \/>\r\n<!-- row-open -->\r\n<dl class='gallery-item last_in_row'>\r\n\t<dt class='gallery-icon '>\r\n           <i class=\"fa fa-file-pdf-o fa-2x\"><\/i>\r\n\t<\/dt>\r\n\t    <a target='_blank' href='https:\/\/eco-oil.propostas.pt\/wp-content\/uploads\/2020\/04\/TUV.pdf' data data-caption='TUV Certification' data-title='TUV Certification' class=' fancybox-pdf'><dd class='wp-caption-text gallery-caption' id='mla_gallery-2-2654'>\n\tTUV Certification\n\t<\/dd><\/a>\r\n\t    <small>.pdf, 200,824 Kb<\/small>\r\n<\/dl><br style=\"clear: both\" \/>\r\n<!-- row-open -->\r\n<dl class='gallery-item last_in_row'>\r\n\t<dt class='gallery-icon '>\r\n           <i class=\"fa fa-file-pdf-o fa-2x\"><\/i>\r\n\t<\/dt>\r\n\t    <a target='_blank' href='https:\/\/eco-oil.propostas.pt\/wp-content\/uploads\/2022\/11\/TUA-20220207000085.pdf' data data-caption='TUA &#8211; T\u00edtulo \u00danico Ambiental' data-title='TUA 20220207000085' class=' fancybox-pdf'><dd class='wp-caption-text gallery-caption' id='mla_gallery-2-2990'>\n\tTUA &#8211; T\u00edtulo \u00danico Ambiental\n\t<\/dd><\/a>\r\n\t    <small>.pdf, 296,597 Kb<\/small>\r\n<\/dl><br style=\"clear: both\" \/>\r\n<!-- row-open -->\r\n<dl class='gallery-item last_in_row'>\r\n\t<dt class='gallery-icon '>\r\n           <i class=\"fa fa-file-pdf-o fa-2x\"><\/i>\r\n\t<\/dt>\r\n\t    <a target='_blank' href='https:\/\/eco-oil.propostas.pt\/wp-content\/uploads\/2022\/11\/IT-15-Inducao-Seguranca-TQSEO_Ed.04-15.11.2019.pdf' data data-caption='IT 15 &#8211; Indu\u00e7\u00e3o Seguran\u00e7a Terminal TanquiSado \/ Eco-Oil' data-title='IT 15 &#8211; Indu\u00e7\u00e3o Seguran\u00e7a TQS+EO_Ed.04 (15.11.2019)' class=' fancybox-pdf'><dd class='wp-caption-text gallery-caption' id='mla_gallery-2-3002'>\n\tIT 15 &#8211; Indu\u00e7\u00e3o Seguran\u00e7a Terminal TanquiSado \/ Eco-Oil\n\t<\/dd><\/a>\r\n\t    <small>.pdf, 3,030,289 Kb<\/small>\r\n<\/dl><br style=\"clear: both\" \/>\r\n<!-- row-open -->\r\n<dl class='gallery-item last_in_row'>\r\n\t<dt class='gallery-icon '>\r\n           <i class=\"fa fa-file-pdf-o fa-2x\"><\/i>\r\n\t<\/dt>\r\n\t    <a target='_blank' href='https:\/\/eco-oil.propostas.pt\/wp-content\/uploads\/2022\/11\/ISPS-Code_Statement-of-Compliance-no-993_val.-18.09.2024.pdf' data data-caption='ISPS Code Certificate' data-title='ISPS Code Certificate' class=' fancybox-pdf'><dd class='wp-caption-text gallery-caption' id='mla_gallery-2-3010'>\n\tISPS Code Certificate\n\t<\/dd><\/a>\r\n\t    <small>.pdf, 260,206 Kb<\/small>\r\n<\/dl><br style=\"clear: both\" \/>\r\n<!-- row-open -->\r\n<dl class='gallery-item last_in_row'>\r\n\t<dt class='gallery-icon '>\r\n           <i class=\"fa fa-file-pdf-o fa-2x\"><\/i>\r\n\t<\/dt>\r\n\t    <a target='_blank' href='https:\/\/eco-oil.propostas.pt\/wp-content\/uploads\/2022\/11\/CertificadoISO9001_EN.pdf' data data-caption='Certificate ISO 9001' data-title='Certificate ISO 9001' class=' fancybox-pdf'><dd class='wp-caption-text gallery-caption' id='mla_gallery-2-3012'>\n\tCertificate ISO 9001\n\t<\/dd><\/a>\r\n\t    <small>.pdf, 59,984 Kb<\/small>\r\n<\/dl><br style=\"clear: both\" \/>\r\n<!-- row-open -->\r\n<dl class='gallery-item last_in_row'>\r\n\t<dt class='gallery-icon '>\r\n           <i class=\"fa fa-file-pdf-o fa-2x\"><\/i>\r\n\t<\/dt>\r\n\t    <a target='_blank' href='https:\/\/eco-oil.propostas.pt\/wp-content\/uploads\/2022\/11\/CertificadoISO14001_EN.pdf' data data-caption='Certificate ISO 14001' data-title='Certificate ISO 14001' class=' fancybox-pdf'><dd class='wp-caption-text gallery-caption' id='mla_gallery-2-3014'>\n\tCertificate ISO 14001\n\t<\/dd><\/a>\r\n\t    <small>.pdf, 58,044 Kb<\/small>\r\n<\/dl><br style=\"clear: both\" \/>\r\n<!-- row-open -->\r\n<dl class='gallery-item last_in_row'>\r\n\t<dt class='gallery-icon '>\r\n           <i class=\"fa fa-file-pdf-o fa-2x\"><\/i>\r\n\t<\/dt>\r\n\t    <a target='_blank' href='https:\/\/eco-oil.propostas.pt\/wp-content\/uploads\/2022\/11\/CertificadoISO45001_EN.pdf' data data-caption='Certificate ISO 45001' data-title='Certificate ISO 45001' class=' fancybox-pdf'><dd class='wp-caption-text gallery-caption' id='mla_gallery-2-3016'>\n\tCertificate ISO 45001\n\t<\/dd><\/a>\r\n\t    <small>.pdf, 55,365 Kb<\/small>\r\n<\/dl><br style=\"clear: both\" \/>\r\n<!-- row-open -->\r\n<dl class='gallery-item last_in_row'>\r\n\t<dt class='gallery-icon '>\r\n           <i class=\"fa fa-file-pdf-o fa-2x\"><\/i>\r\n\t<\/dt>\r\n\t    <a target='_blank' href='https:\/\/eco-oil.propostas.pt\/wp-content\/uploads\/2024\/03\/EcoVadis-Sustainability-Assessment-Report.pdf' data data-caption='EcoVadis Sustainability Assessment Report' data-title='EcoVadis Sustainability Assessment Report' class=' fancybox-pdf'><dd class='wp-caption-text gallery-caption' id='mla_gallery-2-3188'>\n\tEcoVadis Sustainability Assessment Report\n\t<\/dd><\/a>\r\n\t    <small>.pdf, 656,821 Kb<\/small>\r\n<\/dl><br style=\"clear: both\" \/>\r\n<!-- row-open -->\r\n<dl class='gallery-item last_in_row'>\r\n\t<dt class='gallery-icon '>\r\n           <i class=\"fa fa-file-pdf-o fa-2x\"><\/i>\r\n\t<\/dt>\r\n\t    <a target='_blank' href='https:\/\/eco-oil.propostas.pt\/wp-content\/uploads\/2024\/03\/CSR_Highlights_2023_11_28.pdf' data data-caption='Sustainability Highlights' data-title='Sustainability Highlights' class=' fancybox-pdf'><dd class='wp-caption-text gallery-caption' id='mla_gallery-2-3192'>\n\tSustainability Highlights\n\t<\/dd><\/a>\r\n\t    <small>.pdf, 178,436 Kb<\/small>\r\n<\/dl><br style=\"clear: both\" \/>\r\n<!-- row-open -->\r\n<dl class='gallery-item last_in_row'>\r\n\t<dt class='gallery-icon '>\r\n           <i class=\"fa fa-file-pdf-o fa-2x\"><\/i>\r\n\t<\/dt>\r\n\t    <a target='_blank' href='https:\/\/eco-oil.propostas.pt\/wp-content\/uploads\/2024\/06\/DO10_B_Data_Protection_and_Privacy_Policy.pdf' data data-caption='Data Protection and Privacy Policy' data-title='DO10_B_Data_Protection_and_Privacy_Policy' class=' fancybox-pdf'><dd class='wp-caption-text gallery-caption' id='mla_gallery-2-3221'>\n\tData Protection and Privacy Policy\n\t<\/dd><\/a>\r\n\t    <small>.pdf, 359,634 Kb<\/small>\r\n<\/dl><br style=\"clear: both\" \/>\r\n<!-- row-open -->\r\n<dl class='gallery-item last_in_row'>\r\n\t<dt class='gallery-icon '>\r\n           <i class=\"fa fa-file-pdf-o fa-2x\"><\/i>\r\n\t<\/dt>\r\n\t    <a target='_blank' href='https:\/\/eco-oil.propostas.pt\/wp-content\/uploads\/2024\/06\/DO01_Organization_Chart_EN.pdf' data data-caption='Organization Chart' data-title='Organization Chart' class=' fancybox-pdf'><dd class='wp-caption-text gallery-caption' id='mla_gallery-2-3245'>\n\tOrganization Chart\n\t<\/dd><\/a>\r\n\t    <small>.pdf, 92,604 Kb<\/small>\r\n<\/dl><br style=\"clear: both\" \/>\r\n<!-- row-open -->\r\n<dl class='gallery-item last_in_row'>\r\n\t<dt class='gallery-icon '>\r\n           <i class=\"fa fa-file-pdf-o fa-2x\"><\/i>\r\n\t<\/dt>\r\n\t    <a target='_blank' href='https:\/\/eco-oil.propostas.pt\/wp-content\/uploads\/2024\/06\/IT10_-Eco-Oil_Safety_Rules_EN.pdf' data data-caption='IT10 Eco-Oil Safety Rules' data-title='IT10 Eco-Oil Safety Rules' class=' fancybox-pdf'><dd class='wp-caption-text gallery-caption' id='mla_gallery-2-3247'>\n\tIT10 Eco-Oil Safety Rules\n\t<\/dd><\/a>\r\n\t    <small>.pdf, 397,165 Kb<\/small>\r\n<\/dl><br style=\"clear: both\" \/>\r\n<!-- row-open -->\r\n<dl class='gallery-item last_in_row'>\r\n\t<dt class='gallery-icon '>\r\n           <i class=\"fa fa-file-pdf-o fa-2x\"><\/i>\r\n\t<\/dt>\r\n\t    <a target='_blank' href='https:\/\/eco-oil.propostas.pt\/wp-content\/uploads\/2024\/06\/DO10_Eco-Oil_Policies_Principles.pdf' data data-caption='Eco-Oil Policies and Principles' data-title='Eco-Oil Policies and Principles' class=' fancybox-pdf'><dd class='wp-caption-text gallery-caption' id='mla_gallery-2-3249'>\n\tEco-Oil Policies and Principles\n\t<\/dd><\/a>\r\n\t    <small>.pdf, 147,408 Kb<\/small>\r\n<\/dl><br style=\"clear: both\" \/>\r\n<!-- row-open -->\r\n<dl class='gallery-item last_in_row'>\r\n\t<dt class='gallery-icon '>\r\n           <i class=\"fa fa-file-pdf-o fa-2x\"><\/i>\r\n\t<\/dt>\r\n\t    <a target='_blank' href='https:\/\/eco-oil.propostas.pt\/wp-content\/uploads\/2024\/06\/MN01_Quality_Environment_Safety_Manual.pdf' data data-caption='Quality, Environment and Safety Manual' data-title='Quality, Environment and Safety Manual' class=' fancybox-pdf'><dd class='wp-caption-text gallery-caption' id='mla_gallery-2-3251'>\n\tQuality, Environment and Safety Manual\n\t<\/dd><\/a>\r\n\t    <small>.pdf, 244,983 Kb<\/small>\r\n<\/dl><br style=\"clear: both\" \/>\r\n<\/div><\/div><div class=\"nav fusion-mobile-tab-nav\"><ul class=\"nav-tabs nav-justified\" role=\"tablist\"><li role=\"presentation\"><a class=\"tab-link\" data-toggle=\"tab\" role=\"tab\" aria-controls=\"tab-7c5512d9b8b2b986380\" aria-selected=\"false\" tabindex=\"-1\" id=\"mobile-fusion-tab-suppliersandcustomers\" href=\"#tab-7c5512d9b8b2b986380\"><h4 class=\"fusion-tab-heading\">Suppliers and Customers<\/h4><\/a><\/li><\/ul><\/div><div class=\"tab-pane fade fusion-clearfix\" role=\"tabpanel\" tabindex=\"0\" aria-labelledby=\"fusion-tab-suppliersandcustomers\" id=\"tab-7c5512d9b8b2b986380\"><em>Update in progress.<\/em><style type='text\/css'>\r\n\t#mla_gallery-3 {\r\n\t\tmargin: auto;\r\n\t\twidth: 100%;\r\n\t}\r\n\t#mla_gallery-3 .gallery-item {\r\n\t\tfloat: none;\r\n\t\tmargin: 1.5%;\r\n\t\tdisplay: inline-block;\r\n\t\ttext-align: center;\r\n\t\twidth: 97%;\r\n\t}\r\n\t#mla_gallery-3 .gallery-item .gallery-icon img {\r\n\t\tborder: 2px solid #cfcfcf;\r\n\t}\r\n\t#mla_gallery-3 .gallery-caption {\r\n\t\tmargin-left: 0;\r\n\t\tvertical-align: top;\r\n\t}\r\n<\/style>\r\n<div id='mla_gallery-3' class='gallery galleryid-1269 gallery-columns-1 gallery-size-icon'>\r\n<!-- row-open -->\r\n<dl class='gallery-item last_in_row'>\r\n\t<dt class='gallery-icon '>\r\n           <i class=\"fa fa-file-pdf-o fa-2x\"><\/i>\r\n\t<\/dt>\r\n\t    <a target='_blank' href='https:\/\/eco-oil.propostas.pt\/wp-content\/uploads\/2015\/07\/Mod_003_FORM-Schedule.pricesconditions.pdf' data data-caption='Mod 003 FORM &#8211; Schedule prices &#038; conditions' data-title='Mod 003 FORM &#8211; Schedule prices &#038; conditions' class=' fancybox-pdf'><dd class='wp-caption-text gallery-caption' id='mla_gallery-3-1143'>\n\tMod 003 FORM &#8211; Schedule prices &#038; conditions\n\t<\/dd><\/a>\r\n\t    <small>.pdf, 86,542 Kb<\/small>\r\n<\/dl><br style=\"clear: both\" \/>\r\n<!-- row-open -->\r\n<dl class='gallery-item last_in_row'>\r\n\t<dt class='gallery-icon '>\r\n           <i class=\"fa fa-file-pdf-o fa-2x\"><\/i>\r\n\t<\/dt>\r\n\t    <a target='_blank' href='https:\/\/eco-oil.propostas.pt\/wp-content\/uploads\/2020\/04\/Mod_002_FORM_Declaration_VAT_exemption_Ed04_15_11.2019.pdf' data data-caption='Mod 002 FORM &#8211; Declaration for VAT exemption' data-title='Mod 002 FORM &#8211; Declaration for VAT exemption' class=' fancybox-pdf'><dd class='wp-caption-text gallery-caption' id='mla_gallery-3-2496'>\n\tMod 002 FORM &#8211; Declaration for VAT exemption\n\t<\/dd><\/a>\r\n\t    <small>.pdf, 96,960 Kb<\/small>\r\n<\/dl><br style=\"clear: both\" \/>\r\n<!-- row-open -->\r\n<dl class='gallery-item last_in_row'>\r\n\t<dt class='gallery-icon '>\r\n           <i class=\"fa fa-file-pdf-o fa-2x\"><\/i>\r\n\t<\/dt>\r\n\t    <a target='_blank' href='https:\/\/eco-oil.propostas.pt\/wp-content\/uploads\/2022\/11\/IT-15-Inducao-Seguranca-TQSEO_Ed.04-15.11.2019.pdf' data data-caption='IT 15 &#8211; Indu\u00e7\u00e3o Seguran\u00e7a Terminal TanquiSado \/ Eco-Oil' data-title='IT 15 &#8211; Indu\u00e7\u00e3o Seguran\u00e7a TQS+EO_Ed.04 (15.11.2019)' class=' fancybox-pdf'><dd class='wp-caption-text gallery-caption' id='mla_gallery-3-3002'>\n\tIT 15 &#8211; Indu\u00e7\u00e3o Seguran\u00e7a Terminal TanquiSado \/ Eco-Oil\n\t<\/dd><\/a>\r\n\t    <small>.pdf, 3,030,289 Kb<\/small>\r\n<\/dl><br style=\"clear: both\" \/>\r\n<\/div><\/div><\/div><\/div><div class=\"fusion-clearfix\"><\/div><\/div><\/div><\/div><\/div>\n","protected":false},"excerpt":{"rendered":"","protected":false},"author":1,"featured_media":0,"parent":0,"menu_order":62,"comment_status":"closed","ping_status":"closed","template":"","meta":{"footnotes":""},"class_list":["post-1269","page","type-page","status-publish","hentry"],"_links":{"self":[{"href":"https:\/\/eco-oil.propostas.pt\/en\/wp-json\/wp\/v2\/pages\/1269","targetHints":{"allow":["GET"]}}],"collection":[{"href":"https:\/\/eco-oil.propostas.pt\/en\/wp-json\/wp\/v2\/pages"}],"about":[{"href":"https:\/\/eco-oil.propostas.pt\/en\/wp-json\/wp\/v2\/types\/page"}],"author":[{"embeddable":true,"href":"https:\/\/eco-oil.propostas.pt\/en\/wp-json\/wp\/v2\/users\/1"}],"replies":[{"embeddable":true,"href":"https:\/\/eco-oil.propostas.pt\/en\/wp-json\/wp\/v2\/comments?post=1269"}],"version-history":[{"count":2,"href":"https:\/\/eco-oil.propostas.pt\/en\/wp-json\/wp\/v2\/pages\/1269\/revisions"}],"predecessor-version":[{"id":2528,"href":"https:\/\/eco-oil.propostas.pt\/en\/wp-json\/wp\/v2\/pages\/1269\/revisions\/2528"}],"wp:attachment":[{"href":"https:\/\/eco-oil.propostas.pt\/en\/wp-json\/wp\/v2\/media?parent=1269"}],"curies":[{"name":"wp","href":"https:\/\/api.w.org\/{rel}","templated":true}]}}